{"id":55,"date":"2019-05-28T16:24:03","date_gmt":"2019-05-28T14:24:03","guid":{"rendered":"https:\/\/lstme.de\/?page_id=55"},"modified":"2022-11-08T06:01:12","modified_gmt":"2022-11-08T05:01:12","slug":"datenschutzerklaerung-und-impressum","status":"publish","type":"page","link":"https:\/\/lstme.de\/?page_id=55","title":{"rendered":"Datenschutzerkl\u00e4rung und Impressum"},"content":{"rendered":"\n<p>Das Impressum befindet sich unterhalb der Datenschutzerkl\u00e4rung.<\/p>\n\n\n\n<h2 class=\"wp-block-heading\">Datenschutzerkl\u00e4rung<\/h2>\n\n\n\n<p>Der F\u00f6rderverein des Lehrstuhls f\u00fcr Str\u00f6mungsmechanik Erlangen (LSTME) e.V. nimmt Datenschutz sehr ernst. Ziel dieser Datenschutzerkl\u00e4rung ist die Aufkl\u00e4rung des Nutzers \u00fcber Art, Umfang und Zweck der personenbezogenen Datenerhebung und \u00fcber die Rechte, die sich daraus f\u00fcr den Nutzer ergeben.<\/p>\n\n\n\n<p>Der Internetauftritt des F\u00f6rdervereins des Lehrstuhls f\u00fcr Str\u00f6mungsmechanik Erlangen (LSTME) e.V. ist nach den Grunds\u00e4tzen der Datensparsamkeit und Datenvermeidung aufgebaut. Folglich werden nur notwendige Daten erhoben und verarbeitet. Die Rechtsgrundlage f\u00fcr Datenerhebung und -verarbeitung bildet die Datenschutzgrundverordnung (DSGVO). Mit dem Hostinganbieter besteht eine Auftragsverarbeitungsvereinbarung, die dessen DSGVO-konforme Datenverarbeitung best\u00e4tigt.<\/p>\n\n\n\n<p>Zu\nden vom Hostinganbieter in den Serverlog-Dateien gespeicherten Daten\nz\u00e4hlen: Kunden-Domain, Anonymisierte Client-IP, Request-Zeile,\nAbrufzeitpunkt, Verarbeitungs-R\u00fcckmeldecode, \u00fcbertragene\nDatenmenge, Referer, der vom Client gesendet wurde und der User\nAgent, der vom Client gesendet wurde.<\/p>\n\n\n\n<p>Die\nProtokolldaten werden ohne Zuordnung zur Person des Nutzers oder\nsonstiger Profilerstellung entsprechend den gesetzlichen Bestimmungen\nnur f\u00fcr statistische Auswertungen zum Zweck des Betriebs, der\nSicherheit und der Optimierung unseres Onlineangebotes verwendet.\nDennoch ist, im Falle des berechtigten Verdachts einer rechtswidrigen\nNutzung, eine weitergehende Pr\u00fcfung und Verarbeitung m\u00f6glich.<\/p>\n\n\n\n<h3 class=\"wp-block-heading\">Recht des Nutzers auf Auskunft und L\u00f6schung<\/h3>\n\n\n\n<p>Im\nFalle, dass Nutzerdaten gespeichert werden, hat der Nutzer das Recht,\n\u00fcber diese Auskunft zu erhalten oder deren L\u00f6schung zu beantragen.\nDazu ist mit dem Vertretungsberechtigten des Vereines in Kontakt zu\ntreten.<\/p>\n\n\n\n<h3 class=\"wp-block-heading\">Cookies<\/h3>\n\n\n\n<p>Mit der Nutzung der Internetseite stimmen Sie der Verwendung von Cookies zu. Das sind nutzerseitig lokal gespeicherte Informationen, die der Bereitstellung des Seiteninhaltes und der Verbesserung der Nutzungserfahrung dienen. Eine L\u00f6schung ist \u00fcber den verwendeten Browser m\u00f6glich.<\/p>\n\n\n\n<div style=\"height:100px\" aria-hidden=\"true\" class=\"wp-block-spacer\"><\/div>\n\n\n\n<h2 class=\"wp-block-heading\">Impressum<\/h2>\n\n\n\n<p>Dieses Impressum gilt f\u00fcr <a href=\"http:\/\/lstme.org\">lstme.org<\/a> und <a href=\"http:\/\/lstme.de\">lstme.de<\/a> und ist nur in deutscher Sprache verf\u00fcgbar.<\/p>\n\n\n\n<h3 class=\"wp-block-heading\">Angaben nach \u00a75 Telemediengesetz und \u00a755 Rundfunkstaatsvertrag<\/h3>\n\n\n\n<ul class=\"wp-block-list\">\n<li>Herausgeber: F\u00f6rderverein des Lehrstuhls f\u00fcr Str\u00f6mungsmechanik Erlangen (LSTME) e.V.<\/li>\n\n\n\n<li>Vereinsname: F\u00f6rderverein des Lehrstuhls f\u00fcr Str\u00f6mungsmechanik Erlangen (LSTME) e.V.<\/li>\n\n\n\n<li>Rechtsform:   Eingetragener gemeinn\u00fctziger Verein<\/li>\n\n\n\n<li>Vorstand: Prof. Dr. Antonio Delgado Rodr\u00edguez<\/li>\n\n\n\n<li>Registergericht: Amtsgericht F\u00fcrth, Alexanderstra\u00dfe 24, 90762 F\u00fcrth<\/li>\n\n\n\n<li>Vereinsregisternummer:  VR 201167<\/li>\n\n\n\n<li>Umsatzsteuerindentifikationsnummer: 216\/108\/33532<\/li>\n\n\n\n<li>Anschrift der Niederlassung:  <br>F\u00f6rderverein des Lehrstuhls f\u00fcr Str\u00f6mungsmechanik Erlangen (LSTME) e.V.<br>Henkestra\u00dfe 91<br>91052 Erlangen, Deutschland<\/li>\n\n\n\n<li>Verantwortlicher im Sinne des Rundfunkstaatsvertrags: Prof. Dr.-Ing. Antonio Delgado Rodr\u00edguez<\/li>\n\n\n\n<li>Vertretungsberechtigter des Vereines: Prof. Dr. Antonio Delgado Rodr\u00edguez<br>E-Mail: <a href=\"mailto:antonio.delgado@lstme.org\">antonio.delgado@lstme.org<\/a><br>Telefon: +49 151 450 83465<\/li>\n<\/ul>\n\n\n\n<p>Verantwortlich\nf\u00fcr den Seiteninhalt ist der genannte Vertretungsberechtigte des\nVereins.<\/p>\n\n\n\n<h3 class=\"wp-block-heading\">Bankverbindung<\/h3>\n\n\n\n<p>Eine Bankverbindung kann im Bedarfsfall nach Anfrage an den Vertretungsberechtigten mitgeteilt werden.<\/p>\n\n\n\n<h3 class=\"wp-block-heading\">Haftungshinweise<\/h3>\n\n\n\n<p>Obwohl\ndieser Internetauftritt mit gr\u00f6\u00dftm\u00f6glicher Sorgfalt erstellt\nwurde, kann keine Gew\u00e4hr f\u00fcr die Vollst\u00e4ndigkeit, Richtigkeit und\nAktualit\u00e4t der Inhalte \u00fcbernommen werden. Folglich kann auch nicht\nf\u00fcr Sch\u00e4den gehaftet werden, die sich mittelbar oder unmittelbar\naus der Nutzung dieser Seite oder verlinkter Seiten ergeben.<\/p>\n\n\n\n<h3 class=\"wp-block-heading\">Weiterleitungen<\/h3>\n\n\n\n<p>Trotz\neingehender Pr\u00fcfung aller verlinkten Seiten und sonstiger\nWeiterleitungen distanziert sich der F\u00f6rderverein des Lehrstuhls f\u00fcr\nStr\u00f6mungsmechanik Erlangen (LSTME) e.V. von diesen. F\u00fcr die auf\ndiese Weise bereitgestellten Daten sind die jeweiligen Anbieter der\nexternen Inhalte verantwortlich.<\/p>\n\n\n\n<h3 class=\"wp-block-heading\">Urheberrecht<\/h3>\n\n\n\n<p>Der\nSeiteninhalt unterliegt urheberrechtlichem Schutz. Das Copyright\naller Seiteninhalte liegt beim F\u00f6rderverein des Lehrstuhls f\u00fcr\nStr\u00f6mungsmechanik Erlangen (LSTME) e.V. oder bei Dritten. Jegliche\nreproduzierende Verwendung bedarf einer vorhergehenden schriftlichen\nGenehmigung.<\/p>\n\n\n\n<p>Hinweise zu unsachgem\u00e4\u00dfer Umsetzung dieses Internetauftrittes nehmen wir gerne  per Mail unter <a href=\"mailto:webmaster@lstme.org\">webmaster@lstme.org<\/a> entgegen.<\/p>\n","protected":false},"excerpt":{"rendered":"<p>Das Impressum befindet sich unterhalb der Datenschutzerkl\u00e4rung. Datenschutzerkl\u00e4rung Der F\u00f6rderverein des Lehrstuhls f\u00fcr Str\u00f6mungsmechanik Erlangen (LSTME) e.V. nimmt Datenschutz sehr ernst. Ziel dieser Datenschutzerkl\u00e4rung ist die Aufkl\u00e4rung des Nutzers \u00fcber Art, Umfang und Zweck der personenbezogenen Datenerhebung und \u00fcber die Rechte, die sich daraus f\u00fcr den Nutzer ergeben. Der Internetauftritt des F\u00f6rdervereins des Lehrstuhls f\u00fcr &hellip; <a href=\"https:\/\/lstme.de\/?page_id=55\" class=\"more-link\"><span class=\"screen-reader-text\">\u201eDatenschutzerkl\u00e4rung und Impressum\u201c <\/span>weiterlesen<\/a><\/p>\n","protected":false},"author":1,"featured_media":0,"parent":0,"menu_order":0,"comment_status":"closed","ping_status":"closed","template":"","meta":{"footnotes":""},"class_list":["post-55","page","type-page","status-publish","hentry"],"_links":{"self":[{"href":"https:\/\/lstme.de\/index.php?rest_route=\/wp\/v2\/pages\/55","targetHints":{"allow":["GET"]}}],"collection":[{"href":"https:\/\/lstme.de\/index.php?rest_route=\/wp\/v2\/pages"}],"about":[{"href":"https:\/\/lstme.de\/index.php?rest_route=\/wp\/v2\/types\/page"}],"author":[{"embeddable":true,"href":"https:\/\/lstme.de\/index.php?rest_route=\/wp\/v2\/users\/1"}],"replies":[{"embeddable":true,"href":"https:\/\/lstme.de\/index.php?rest_route=%2Fwp%2Fv2%2Fcomments&post=55"}],"version-history":[{"count":12,"href":"https:\/\/lstme.de\/index.php?rest_route=\/wp\/v2\/pages\/55\/revisions"}],"predecessor-version":[{"id":348,"href":"https:\/\/lstme.de\/index.php?rest_route=\/wp\/v2\/pages\/55\/revisions\/348"}],"wp:attachment":[{"href":"https:\/\/lstme.de\/index.php?rest_route=%2Fwp%2Fv2%2Fmedia&parent=55"}],"curies":[{"name":"wp","href":"https:\/\/api.w.org\/{rel}","templated":true}]}}