{"id":23,"date":"2019-04-11T13:57:25","date_gmt":"2019-04-11T11:57:25","guid":{"rendered":"https:\/\/lstme.de\/?page_id=23"},"modified":"2019-06-02T16:10:50","modified_gmt":"2019-06-02T14:10:50","slug":"taetigkeitsbereiche","status":"publish","type":"page","link":"https:\/\/lstme.de\/?page_id=23","title":{"rendered":"T\u00e4tigkeitsbereiche"},"content":{"rendered":"\n<p>LSTME e.V. und die Zweigstelle LSTME Busan Branch befinden sich ebenso wie das Deutsche Ingenieurwissenschaftliche Zentrum in der Phase der Etablierung. Die hier aufgez\u00e4hlten T\u00e4tigkeiten liefern lediglich eine Orientierung f\u00fcr k\u00fcnftige Arbeiten. Diese Orientierung spielt eine besonders wichtige Rolle bez\u00fcglich der bereits laufenden T\u00e4tigkeit am Deutschen Ingenieurwissenschaftlichen Zentrum LSTME Busan.    <\/p>\n\n\n\n<h2 class=\"wp-block-heading\">1. T\u00e4tigkeiten im Bereich Forschungsmanagement und -administration<\/h2>\n\n\n\n<p>In diesem T\u00e4tigkeitsbereichen f\u00f6rdert LSTME e.V. den LSTM Erlangen gegenw\u00e4rtig in Deutschland  durch Mitwirkung<\/p>\n\n\n\n<ul class=\"wp-block-list\"><li> an der Etablierung der Zweigstelle  LSTME e.V. Busan Branch und des Deutschen Ingenieurwissenschaftlichen Forschungszentrums LSTME Busan, insbesondere durch Durchf\u00fchrung von Verhandlungen und Abstimmungsprozessen mit den koreanischen F\u00f6rderern.<\/li><li>an der Personalauschreibung und -auswahl f\u00fcr den LSTME Busan.<\/li><li>an der Akquisition und Verwaltung von Mitteln zum  DFG\/AiF Forschungsclusters &#8222;Physikalisches Management von st\u00f6renden Sch\u00e4umen in Anlagen der Lebentsmitteltechnologie und Technischen Chemie&#8220;<\/li><li>an der Gewinnung von neuen Partnern aus Universit\u00e4ten und der privaten Wirtschaft.<\/li><li>an der Ausgestaltung von europ\u00e4isch finanzierten Projekten gem\u00e4\u00df der -CORNET-Ausschreibung auf dem Gebiet der Energetischen Optimierung der Bel\u00fcftungstechnik bei biotechnologischen Prozessen.<\/li><li>an der Ausarbeiten eines Vorhabens im Rahmen des internationalen ZIM-Programms zum Aufschluss von tierischen und pflanzlichen Zellen mittels Hochspannungsimpulsen. <\/li><\/ul>\n\n\n\n<h2 class=\"wp-block-heading\">2. T\u00e4tigkeiten in Wissenschaft und Forschung<\/h2>\n\n\n\n<p>Die T\u00e4tigkeiten in Wissenschaft und Forschung spielen sich bisher im Deutschen Ingenieurwissenschaftlichen Zentrum LSTME Busan ab. Daher fokussieren sich die nachfolgenden Er\u00f6rterungen auf dessen  Forschungskonzept sowie die ersten Vorhaben dieses Zentrums, welche sich in unterschiedlichen Phasen befinden, n\u00e4mlich zumeist noch in der Vorbereitungs- und Beantragungsphase, bis hin zur Beendigung.<\/p>\n\n\n\n<h4 class=\"wp-block-heading\">Abriss zum FOrschungskonzept des Deutschen Ingenieurwissenschaftlichen Zentrums LSTME Busan<\/h4>\n\n\n\n<p>Dr\u00e4ngende Fragen der Gegenwart, wie sie sich u.a. in den Milleniums-Entwicklungszielen der UNO wiedergespiegeln, verlangen nach innovativen L\u00f6sungen, die ihrerseits nach multidisziplin\u00e4ren, synergetischen Kombinationen von fortgeschrittenen ingenieurwissenschaftlichen Ans\u00e4tzen unter Einbindung unterschiedlicher Disziplinen voraussetzen. Insbesondere die Abdeckung der Bed\u00fcrfnisse des menschlichen Individuums unter den ihm von der ihm umgebenden Gesellschaft unterschiedlicher geo- und entwicklungspolitischen Status  auferlegten Randbedingungen wirft grundlegende Fragen auf. Wie das nachfolgende Prinzipbild illustriert, geht es beim Forschungszentrum LSTME Busan um Fragen nach <\/p>\n\n\n\n<figure class=\"wp-block-image\"><img loading=\"lazy\" decoding=\"async\" width=\"1024\" height=\"735\" src=\"https:\/\/lstme.de\/wp-content\/uploads\/2019\/05\/LSTME1_deutsch-1024x735.png\" alt=\"Symbolbild zum Menschen innerhalb moderner Gesellschaften\" class=\"wp-image-112\" srcset=\"https:\/\/lstme.de\/wp-content\/uploads\/2019\/05\/LSTME1_deutsch-1024x735.png 1024w, https:\/\/lstme.de\/wp-content\/uploads\/2019\/05\/LSTME1_deutsch-300x215.png 300w, https:\/\/lstme.de\/wp-content\/uploads\/2019\/05\/LSTME1_deutsch-768x551.png 768w, https:\/\/lstme.de\/wp-content\/uploads\/2019\/05\/LSTME1_deutsch.png 1185w\" sizes=\"auto, (max-width: 709px) 85vw, (max-width: 909px) 67vw, (max-width: 1362px) 62vw, 840px\" \/><\/figure>\n\n\n\n<ul class=\"wp-block-list\"><li><strong>Nahrung\/Ern\u00e4hrung<\/strong>,  welche von der reinen Abdeckung des nutritiven Mindestbedarfes in Weltregionen hoher Armut bis hin zur Bereitstellung von Lebensmitteln mit hohem Genusswert in hochentwickelten Gesellschaften mit der sie charakterisierenden Markts\u00e4ttigung reicht. Bei der Nahrungsmittelproduktion stehen die Faktoren Gesundheit, Sicherheit, N\u00e4hrwert und Ausgeglichenheit im Vordergrund. Gerade im Hinblick auf die Weltbev\u00f6lkerungsexplosion stellt die ingenieurwissenschaftliche Prozessoptimierung entlang der ganzen Versorgungskette von der agraren Urerzeugung bis hin zum Endkunden einen Schl\u00fcsselerfolgsfaktor dar. <\/li><li><strong>Entwicklungen im medizinischen\/pharmazeutischen Bereich<\/strong>, welche sich unabh\u00e4ngig vom Entwicklungsstatus der jeweiligen Gesellschaft zunehmend dem Individuum zuwenden m\u00fcssen. Nur so l\u00e4sst sich der hohen humanbiologischen Variabilit\u00e4t Rechnung  tragen. Die Alterung der Gesellschaften in vielen hochentwickelten Gesellschaften (S\u00fcdkorea, Deutschland, ..) erh\u00f6ht die damit verbundenen ingenieurwissenschaftlichen Herausforderungen.  Dies r\u00fchrt nicht zuletzt aus der rasanten Entwicklung des Medizin-\/Pharmabereiches und der ebenso rasanten Diversifizierung. Nebst der Entdeckung neuer Wirkstoffe und der Entwicklung neuer Therapiemethoden stellt daher die Modellierung, Simulation, Diagnose, Prognose und Optimierung  fluidischer Transportprozesse in der Humanbiologie und in biotechnologischen Herstellungsprozessen  die Grundlage innovativer Entwicklungen dar.  <\/li><li>den Wechselwirkungen des Individuums mit dem globalen \u00d6kosystem insbesondere also <strong>Wasser und Natur<\/strong>. Nach den Millineum-Entwicklungszielen geh\u00f6rt die L\u00f6sung des geopolitischen Wasserknappheitsproblems in engem Zusammenhang mit der Bev\u00f6lkerungsexplosion zu den existenziellen Fragen der Menschheit.  LSTME Busan sieht es daher als eine besondere Herausforderung an, die auch im internationalen Vergleich von den deutschen Ingenieurwissenschaften eingenommene Spitzenstellung im Bereich der Abwasserreinigung zu nutzen, um einen Beitrag hierzu zu liefern. Dabei stehen innovative, dezentrale, robuste und easy to use Wasserbehandlungssysteme ink. Meereswasserentsalzung im Fokus der \u00dcberlegungen. Diese eignen sich besonders gut um die Bedingungen in Regionen mit Wasserarmut, insbesondere in Asien, S\u00fcdamerika, S\u00fcdeuropa und Afrika zu erf\u00fcllen. Dabei f\u00e4llt der Eingriff in die Natur gering aus. \u00c4hnlich naturschonend verh\u00e4lt es sich mit den Aktivit\u00e4ten des LSTME Busan im Bereich der submarinen Methanhydratgewinnung. Mit Hilfe eines weltweit einmaligen Labor-Meeresbioreaktors untersucht der LSTME Busan die potentielle Destabilizierung von Methanhydratlagerst\u00e4tten an Ozeanh\u00e4ngen durch Str\u00f6mungen, da hier nicht nur die Freisetzung gro\u00dfer Mengen von Methangasen in die  Atmosph\u00e4re nebst \u00fcberaus starkem Treibhauseffekt sondern auch die Ausl\u00f6sung von Tsunamis droht. Dabei spielen auch fluidische Transportprozesse eine wichtige Rolle.<\/li><li><strong>nachhaltigen und effizienten Bereitstellung von Energie<\/strong>.  Energie stellt eine der abzudeckenden  Grundbed\u00fcrfnisse auf den verschiedenen Level einerseits des einzelnen Individuums und andererseits der ihm umgebenden Gesellschaft dar. Der LSTME Busan vertritt die Auffassung, dass jegliche Innovation nur das Pr\u00e4dikat zukunftsorientiert verdient und nur mit hinreichender Akzeptanz rechnen darf, wenn sie die Anforderungen der Nachhaltigkeit und Ressourceneffizienz erf\u00fcllt. Diese Bedingungen erf\u00fcllen per se die am LSTME Busan laufenden Untersuchungen zur Optimierung der erneuerbaren, elektrischen Energieerzeugung mittels Windkonverter und Solarzellen. Hohe Energieeffizienz verspricht auch die gegenw\u00e4rtig Nutzung von erneuerbarer Energie (etwa aus Biomaterie) mittels zweiphasiger Str\u00f6mungsmaschinen. Bei der Bereitstellung von elektrischer und thermischer Energie aus fossilen Brennstoffen setzt die erarbeitete Technologie auf der Grundlage eines volumetrischen, keramischen Brenners hohe Ma\u00dfst\u00e4be im Hinblick auf die Energieeffizienz, der Prozess-und Produktadaption sowie der Minimierung der Umweltbeeintr\u00e4chtigung durch Neugestaltung der Transportprozesse. Gegenw\u00e4rtige Ans\u00e4tze am LSTME Busan verfolgen den Gedanken, dass solchen hybriden Technologien die Zukunft geh\u00f6ren, welche zus\u00e4tzlich zur nachhaltigen und effizienten Energiebereitstellung weitere Funktionalit\u00e4ten zur Verbesserung der Umwelt realisieren. <\/li><\/ul>\n\n\n\n<p>Wie die nachfolgende Abbildung zeigt, deckt sich die Expertise der Mitglieder des Wissenschaftlichen Steuerungskomitees in weitem Rahmen mit diesen vier strategischen T\u00e4tigkeitsfeldern.   <\/p>\n\n\n\n<figure class=\"wp-block-image\"><img loading=\"lazy\" decoding=\"async\" width=\"814\" height=\"600\" src=\"https:\/\/lstme.de\/wp-content\/uploads\/2019\/06\/Expertise-SCC.png\" alt=\"\" class=\"wp-image-278\" srcset=\"https:\/\/lstme.de\/wp-content\/uploads\/2019\/06\/Expertise-SCC.png 814w, https:\/\/lstme.de\/wp-content\/uploads\/2019\/06\/Expertise-SCC-300x221.png 300w, https:\/\/lstme.de\/wp-content\/uploads\/2019\/06\/Expertise-SCC-768x566.png 768w\" sizes=\"auto, (max-width: 814px) 85vw, 814px\" \/><\/figure>\n\n\n\n<p>Wie dieses Diagramm des Weiteren demonstriert, kommt der Str\u00f6mungsmechanik dabei in allen vier Bereichen eine wichtige Rolle in der Untersuchung von Transportprozessen zu, unabh\u00e4ngig ob es sich dabei um Masse, Energie oder Impuls handelt. Auch Meta-Transport von Information und biotischer Funktionalit\u00e4t l\u00e4sst sich mit mathematischer Modellbildung und virtueller Simulation erfassen und analysieren. Dies begr\u00fcndet zugleich  die Schnittstellenfunktion der Str\u00f6mungsmechanik zu den ebenfalls am LSTME Busan zu betreibenden Untersuchungen in der Prozessautomation in zuk\u00fcnftigen Projekten. Es geht dabei um hybride Verfahren, welche sich zur prozess- und produktadaptiven Automatisierung des Virtuellen Engineerings auf der Grundlagen der mathematischen Modellbildung, der gleichungsbasierten und kognitiven, selbstlernenden Simulation, des Data Minings und der k\u00fcnstlichen Intelligenz bedienen.<\/p>\n\n\n\n<p>Zu den k\u00fcrzlich oder aktuell in Bearbeitung befindlichen Projekten mit Einbindung des LSTM Erlangen z\u00e4hlen:<\/p>\n\n\n\n<h5 class=\"wp-block-heading\">Neuartige Prozessbeh\u00e4lter f\u00fcr die Fermentationstechnologie <\/h5>\n\n\n\n<ul class=\"wp-block-list\"><li> Abgeschlossenes Vorhaben finanziert durch \u00f6ffentlich Forschungsmittel des S\u00fcdkoreanischen Ministeriums f\u00fcr Handel, Industrie und Energy (MoTIE)<\/li><li> Teilprojekt an dem von der Seoul National University beherbergten MoTIE Engineering Development and Research Centers <\/li><li> Entwicklung bereits in einem koreanischen KMU im Einsatz. <\/li><\/ul>\n\n\n\n<h5 class=\"wp-block-heading\">Gashydrate zur energieeffizienten Konzentration von S\u00e4ften<\/h5>\n\n\n\n<ul class=\"wp-block-list\"><li> Laufendes AiF-Projekt finanziert und verwaltet in Deutschland<\/li><li> Finanzielles Volumen von 0,55 Millionen US-Dollar <\/li><li> Projektidee aus der zuvor in Busan betriebenen Erforschung des Verhaltens von Methanhydraten<\/li><li>Zumindest in Europa eine vollst\u00e4ndige Innovation<\/li><li> Erschlie\u00dfung weitreichender Anwendungsm\u00f6glichkeiten in der Lebensmittelproduktion  <\/li><\/ul>\n\n\n\n<h5 class=\"wp-block-heading\">Gashydrate f\u00fcr Entsalzungsanwendungen<\/h5>\n\n\n\n<ul class=\"wp-block-list\"><li> Zweite Auswertungsrunde in Saudi-Arabien unter Mitwirkung des Mutterinstitutes LSTM Erlangen und LSTM Busan  <\/li><li> Finanzielles Volumen von 2 Millionen US-Dollar <\/li><li> Energieffiziente und neuartige Abtrennung gel\u00f6ster Stoffe (insbesondere Salze) <\/li><li> Erschlie\u00dfung weitreichender Anwendungsm\u00f6glichkeiten auch in der Energietechnik  <\/li><\/ul>\n\n\n\n<h5 class=\"wp-block-heading\">Nutzung und Umwandlung erneuerbarer Energien mittels zweiphasiger Str\u00f6mungsmaschinen <\/h5>\n\n\n\n<ul class=\"wp-block-list\"><li> Europ\u00e4isches Horizon-2020-Projekt <\/li><li> Finanzielles Volumen von 5 Millionen US-Dollar <\/li><li> Neuartiger kombinierter Kreislauf f\u00fcr die Erzeugung von W\u00e4rme, K\u00e4lte und Strom aus erneuerbaren Energietr\u00e4gern  <\/li><\/ul>\n\n\n\n<h5 class=\"wp-block-heading\">\u201cGlobal Minimal Processing\u201d im Rahmen des \u201cRed Gold\u201d-Projektes f\u00fcr die Industrie 4.0 <\/h5>\n\n\n\n<ul class=\"wp-block-list\"><li> Schutz, Erschlie\u00dfung und Nutzung koreanischer Watt-Gebiete <\/li><li> Gro\u00dfer internationaler Forschungszusammenschluss unter F\u00fchrung der Universit\u00e4t Ghent <\/li><li> Finanzvolumen von 9 Millionen US-Dollar pro Jahr <\/li><li> Zielsetzung, koreanische K\u00fcstengebiete abzusichern und deren Entwicklung, Nachhaltigkeit und Zusammenarbeit mit Nordkorea zu f\u00f6rdern  <\/li><\/ul>\n\n\n\n<h5 class=\"wp-block-heading\">Extraktion hochwertiger Stoffe aus Fischabf\u00e4llen mittels gepulster elektrischer Felder <\/h5>\n\n\n\n<ul class=\"wp-block-list\"><li> Projekt in Zusammenarbeit mit dem Weltmarktf\u00fchrer im PEF-Ger\u00e4tebau ELEA <\/li><li> Gewinnung hochwertiger Stoffe aus Fischabf\u00e4llen <\/li><li> Belebung der wirtschaftlich schwach entwickelten Gebiete um die Gro\u00dfstadt Busan durch die Anwendung neuer Technologien zur Wertsch\u00f6pfung aus bestehenden Ressourcen <\/li><li> Antrag in Bearbeitung  <\/li><\/ul>\n\n\n\n<h5 class=\"wp-block-heading\">Hochgenaues Schwebek\u00f6rpermesssystem durch Nutzung des magenostriktiven Effektes zur Bestimmung der Menge fl\u00fcssiger Brennstoffe<\/h5>\n\n\n\n<ul class=\"wp-block-list\"><li> Projekt soll eine Kerninnovation der Zukunft bei einem koreanischen KMU erarbeiten<\/li><li> Die Genauigkeit der Mengebestimmung soll um den Faktor 5 erh\u00f6ht werden.  <\/li><li> LSTME soll durch Simulatives Virtuelles Engineering die Str\u00f6mungseffekte im Schwebek\u00f6rpermessger\u00e4t optimieren sowie den Entwicklungsaufwand stark reduzieren.<\/li><li>Auch die Mitwirkung der Einf\u00fchrung des Messger\u00e4tes in Europa geh\u00f6rt zu den Aufgaben des LSTME Busan <\/li><li> Antrag in der Begutachtung<\/li><\/ul>\n","protected":false},"excerpt":{"rendered":"<p>LSTME e.V. und die Zweigstelle LSTME Busan Branch befinden sich ebenso wie das Deutsche Ingenieurwissenschaftliche Zentrum in der Phase der Etablierung. Die hier aufgez\u00e4hlten T\u00e4tigkeiten liefern lediglich eine Orientierung f\u00fcr k\u00fcnftige Arbeiten. Diese Orientierung spielt eine besonders wichtige Rolle bez\u00fcglich der bereits laufenden T\u00e4tigkeit am Deutschen Ingenieurwissenschaftlichen Zentrum LSTME Busan. 1. T\u00e4tigkeiten im Bereich Forschungsmanagement &hellip; <a href=\"https:\/\/lstme.de\/?page_id=23\" class=\"more-link\"><span class=\"screen-reader-text\">\u201eT\u00e4tigkeitsbereiche\u201c <\/span>weiterlesen<\/a><\/p>\n","protected":false},"author":1,"featured_media":0,"parent":6,"menu_order":0,"comment_status":"closed","ping_status":"closed","template":"","meta":{"footnotes":""},"class_list":["post-23","page","type-page","status-publish","hentry"],"_links":{"self":[{"href":"https:\/\/lstme.de\/index.php?rest_route=\/wp\/v2\/pages\/23","targetHints":{"allow":["GET"]}}],"collection":[{"href":"https:\/\/lstme.de\/index.php?rest_route=\/wp\/v2\/pages"}],"about":[{"href":"https:\/\/lstme.de\/index.php?rest_route=\/wp\/v2\/types\/page"}],"author":[{"embeddable":true,"href":"https:\/\/lstme.de\/index.php?rest_route=\/wp\/v2\/users\/1"}],"replies":[{"embeddable":true,"href":"https:\/\/lstme.de\/index.php?rest_route=%2Fwp%2Fv2%2Fcomments&post=23"}],"version-history":[{"count":27,"href":"https:\/\/lstme.de\/index.php?rest_route=\/wp\/v2\/pages\/23\/revisions"}],"predecessor-version":[{"id":312,"href":"https:\/\/lstme.de\/index.php?rest_route=\/wp\/v2\/pages\/23\/revisions\/312"}],"up":[{"embeddable":true,"href":"https:\/\/lstme.de\/index.php?rest_route=\/wp\/v2\/pages\/6"}],"wp:attachment":[{"href":"https:\/\/lstme.de\/index.php?rest_route=%2Fwp%2Fv2%2Fmedia&parent=23"}],"curies":[{"name":"wp","href":"https:\/\/api.w.org\/{rel}","templated":true}]}}