{"id":18,"date":"2019-04-11T13:53:35","date_gmt":"2019-04-11T11:53:35","guid":{"rendered":"https:\/\/lstme.de\/?page_id=18"},"modified":"2022-11-08T06:03:01","modified_gmt":"2022-11-08T05:03:01","slug":"wir-ueber-uns","status":"publish","type":"page","link":"https:\/\/lstme.de\/?page_id=18","title":{"rendered":"Wir \u00fcber uns"},"content":{"rendered":"\n<h2 class=\"wp-block-heading\">1. Ziel<\/h2>\n\n\n\n<p>Der LSTME e.V. und somit die Zweigstelle LSTME Busan hat sich das Ziel gesetzt, die  Zusammenarbeit und Kooperation des <a href=\"http:\/\/lstm.fau.de\">LSTM Erlangen<\/a>  mit nationalen sowie die internationalen Universit\u00e4ten und Forschungsinstituten sowie mit der privaten und \u00f6ffentlichen Wirtschaft zu f\u00f6rdern. Die umfassenden Erfahrungen des LSTM Erlangen mit deutschen ingenieurwissenschaftlichen Methoden und Verfahren hat s\u00fcdkoreanische Institutionen indessen dazu bewogen, die Einrichtung eines Forschungszentrums zu f\u00f6rdern.   <\/p>\n\n\n\n<p>Die Umsetzung dieses Ziels erfordert einerseits die Schaffung einer Organisationsstruktur mit internationaler Tragf\u00e4higkeit. Andererseits bedarf es gem\u00e4\u00df dem definierten  Satzungszweck  unterst\u00fctzender Aktivit\u00e4ten im Forschungsmanagement sowie in der F\u00f6rderung von Nachwuchswissenschaftlern, der Weiterbildung und der Durchf\u00fchrung von Veranstaltungen.  <\/p>\n\n\n\n<h2 class=\"wp-block-heading\">2. Organisationsstruktur<\/h2>\n\n\n\n<p>Die graphische Darstellung der gegenw\u00e4rtigen Organisationsstruktur sieht aus dem Blickwinkel von Wissenschaft und Forschung wie folgt aus:<\/p>\n\n\n\n<figure class=\"wp-block-image\"><img loading=\"lazy\" decoding=\"async\" width=\"1024\" height=\"617\" src=\"https:\/\/lstme.de\/wp-content\/uploads\/2019\/06\/Orginagramm-LSTME_1_6_2019-3-1024x617.png\" alt=\"\" class=\"wp-image-246\" srcset=\"https:\/\/lstme.de\/wp-content\/uploads\/2019\/06\/Orginagramm-LSTME_1_6_2019-3-1024x617.png 1024w, https:\/\/lstme.de\/wp-content\/uploads\/2019\/06\/Orginagramm-LSTME_1_6_2019-3-300x181.png 300w, https:\/\/lstme.de\/wp-content\/uploads\/2019\/06\/Orginagramm-LSTME_1_6_2019-3-768x463.png 768w, https:\/\/lstme.de\/wp-content\/uploads\/2019\/06\/Orginagramm-LSTME_1_6_2019-3-1200x724.png 1200w, https:\/\/lstme.de\/wp-content\/uploads\/2019\/06\/Orginagramm-LSTME_1_6_2019-3.png 1214w\" sizes=\"auto, (max-width: 709px) 85vw, (max-width: 909px) 67vw, (max-width: 1362px) 62vw, 840px\" \/><\/figure>\n\n\n\n<p>Etablierte Organisationsstruktur aus dem Blickwinkel von Wissenschaft und Forschung<\/p>\n\n\n\n<p>Die etablierte Organisationsstruktur besteht aus zwei Ebenen. Der gemeinn\u00fctzige LSTME e.V. mit dessen Status als An-Institut und die Zweigstelle LSTME e.V. Busan Branch  bilden die erste Ebene, welche sich satzungsgem\u00e4\u00df den Aufgaben von Forschungsmanagement und -administration widmen. F\u00fcr diese Aufgaben zeichnen der Vereinsvorstand sowie dessen Spezieller Vertreter verantwortlich. Der Beirat des LSTME e.V. besteht aus renommierten Pers\u00f6nlichkeiten aus der Forschung und der privaten Wirtschaft. Sie beraten den Vorstand in allen zukunftsorientierten Fragestellungen.<\/p>\n\n\n\n<p>Die zweite Ebene betrifft das durch s\u00fcdkoreanische Mittel gef\u00f6rderte Deutsche Ingenieurwissenschaftliche Forschungszentrum LSTME Busan, welches sich ausschlie\u00dflich mit der Durchf\u00fchrung wissenschaftlicher Untersuchungen befasst. Der strategischen Koordination dieser Aktivit\u00e4ten widmet sich das Wissenschaftliche Steuerungskomitee.  <\/p>\n\n\n\n<p>LSTME Busan st\u00fctzt sich auf folgende Personalstruktur:<\/p>\n\n\n\n<ul class=\"wp-block-list\">\n<li><strong>Postdocs (Deutsche Professoren)<\/strong><ul><li>Mr. Dr.\u00a0 Hyo-Jin Ahn <\/li><\/ul><ul><li>Mr. Dr. Alexander Jahn<\/li><\/ul><ul><li>Mr. Dr. Giovanni Luzi<\/li><\/ul><ul><li>Mr. Dr. Benedict Prah<\/li><li>Mr. Dr. Wenjing Lyu<\/li><li>Mr. Dr. Imran Bashir <\/li><\/ul>\n<ul class=\"wp-block-list\">\n<li>Mr. Dr. Loekman Soebiakto<\/li>\n<\/ul>\n<\/li>\n\n\n\n<li><strong>Doktoranden<\/strong><ul><li>Ms. MSc. Gamze Er<\/li><\/ul><ul><li>Ms. MSc. Suja Lee<\/li><\/ul><ul><li>Mr. MSc. Donghee Jeong<\/li><\/ul><ul><li>Ms. MSc. Suhyang Lee<\/li><\/ul><ul><li>Mr. MSc. Vinzenz Klapper<\/li><\/ul><ul><li>Ms. MSc. Julie Seok<\/li><\/ul>\n<ul class=\"wp-block-list\">\n<li>Mr. MSc. Byeongwoo Ke<\/li>\n\n\n\n<li>Mr. MSc. Won-tae Lee<\/li>\n\n\n\n<li>Mr. MSc. Sajjad Hosseini<\/li>\n<\/ul>\n<\/li>\n\n\n\n<li><strong>Nichtwissenschaftliches Personal<\/strong><ul><li>Mrs. Minji Kim<\/li><li>Mrs. Hoejeong Kim<\/li><\/ul>\n<ul class=\"wp-block-list\">\n<li>Mr. Yongseok Lee<\/li>\n<\/ul>\n<\/li>\n\n\n\n<li><strong>Bis zu 20 Wissenschaftliche Hilfskr\u00e4fte<\/strong><\/li>\n<\/ul>\n\n\n\n<h2 class=\"wp-block-heading\">3. Aktivit\u00e4ten in Forschungsmanagement und -administration<\/h2>\n\n\n\n<p>Diesbez\u00fcglich wird der Satzungszweck insbesondere verwirklicht durch die Vorbereitung, Mitwirkung bei der Akquisition und Administration sowie Betreuung von Forschungsvorhaben bzw. Forschungsprojekten auf zumindest einem der nachfolgend genannten Gebiete:<\/p>\n\n\n\n<ul class=\"wp-block-list\">\n<li>der Mechanik und Fluidmechanik inkl. der Fl\u00fcssigkeitsmechanik, der Mikro- und Nanofluidmechanik, der Aerodynamik, der Turbulenz, der pulsierenden und oszillierenden Str\u00f6mungen, der Mehrphasen- und Schaumstr\u00f6mungen, der biologischen, geologischen und ozeanographischen Str\u00f6mungen, der Str\u00f6mungen mit (bio-)chemischen Reaktionen, Str\u00f6mungen in technischen Apparaten und Fluid-Strukturwechselwirkungen;<\/li>\n\n\n\n<li> der Rheologie und Materialwissenschaften;<\/li>\n\n\n\n<li> der Automatisierung, Prozessautomatisierung und Informationstechnologie; <\/li>\n\n\n\n<li> der Aktor- und Sensortechnik inkl. Multi- und wissensbasierte Softwaresensoren;<\/li>\n\n\n\n<li> der Akustik inkl. Fluid- und Str\u00f6mungsakustik;<\/li>\n\n\n\n<li> des Transportes von Masse und thermischer Energie inkl. (bio)thermofluiddynamische Prozesse;<\/li>\n\n\n\n<li> der Hochdruckbehandlung und nichtthermischen Behandlung von biotischer und abiotischer Materie;<\/li>\n\n\n\n<li> der multiphysikalischen Prozesse inkl. Plasma-, Ultraschall- und Elektrofelder;<\/li>\n\n\n\n<li> der Verbrennungs-, Transport-, Energie-, Verfahrens- und Beschichtungstechnik; <\/li>\n\n\n\n<li> der Umwelt- und Abwassertechnik zuz\u00fcglich der Wasserentsalzung,<\/li>\n\n\n\n<li> des Life Sciences, Lebensmittel und Ern\u00e4hrung inkl. der Ern\u00e4hrungsmedizin und menschlichen Sensorik unter besonderer Ber\u00fccksichtigung individueller Bed\u00fcrfnisse, der Weltbev\u00f6lkerungsexplosion und der Alterung der Gesellschaft in Industrienationen; <\/li>\n\n\n\n<li> der Biotechnologie, Meeresbiotechnologie, pharmazeutischen Technologie und Medizin inkl. Humanbiologie und Medizintechnik; <\/li>\n\n\n\n<li>der mathematisch-analytischen, statistischen, numerischen, kognitiven, holistischen und hybriden Modellierung, Simulation, Prognose, Diagnose und Optimierung nat\u00fcrlicher und technischer Prozesse. <\/li>\n<\/ul>\n\n\n\n<h2 class=\"wp-block-heading\">4. F\u00f6rderung des wissenschaftlichen Nachwuchses, Weiterbildung und  Durchf\u00fchrung von Veranstaltungen <\/h2>\n\n\n\n<p>Die Verwirklichung des Satzungszwecks geschieht in diesem Fall durch folgende Aktivit\u00e4ten:<\/p>\n\n\n\n<ul class=\"wp-block-list\">\n<li>die Unterst\u00fctzung und Begleitung von nationalen, europ\u00e4ischen, asiatischen \u2013 insbesondere s\u00fcdkoreanischen \u2013 und sonstigen internationalen Studierenden bei Promotionsvorhaben und promovierten Nachwuchswissenschaftlern.<\/li>\n\n\n\n<li>Auslobung und Vergabe von Forschungspreisen f\u00fcr besondere Leistungen in Wissenschaft, Forschung und Technik.<\/li>\n\n\n\n<li>die Veranstaltung von wissenschaftlich-technischen Tagungen, Messeauftritten, Konferenzen, Workshops, Seminaren und Symposien.<\/li>\n\n\n\n<li>Mitwirkung an und Organisation und Durchf\u00fchrung von Aus- und Weiterbildungsveranstaltungen auf nationaler, europ\u00e4ischer, asiatischer \u2013 insbesondere s\u00fcdkoreanischer \u2013 und internationaler Ebene.<\/li>\n<\/ul>\n\n\n\n<h3 class=\"wp-block-heading\">Downloads<\/h3>\n\n\n\n<p>Diese Grunds\u00e4tze spiegeln sich auch in unserer Satzung wieder, die untenstehend heruntergeladen werden kann. <\/p>\n\n\n\n<div class=\"wp-block-file\"><a id=\"wp-block-file--media-e0f9deb4-0a4b-42b3-b63d-98641a4b0d8e\" href=\"https:\/\/lstme.de\/wp-content\/uploads\/2019\/05\/Satzung_LSTME_18_03_2018.pdf\">Satzung<\/a><a href=\"https:\/\/lstme.de\/wp-content\/uploads\/2019\/05\/Satzung_LSTME_18_03_2018.pdf\" class=\"wp-block-file__button wp-element-button\" download aria-describedby=\"wp-block-file--media-e0f9deb4-0a4b-42b3-b63d-98641a4b0d8e\">Herunterladen<\/a><\/div>\n\n\n\n<p> Ein Beitritt zum LSTME ist \u00fcber dieses Formular m\u00f6glich. <\/p>\n\n\n\n<div class=\"wp-block-file\"><a id=\"wp-block-file--media-7dc0fdfc-62b9-4949-b51b-1fb77b9271fb\" href=\"https:\/\/lstme.de\/wp-content\/uploads\/2019\/05\/Beitrittserkl\u00e4rung_LSTME_01_02_2018.pdf\">Beitrittserkl\u00e4rung<\/a><a href=\"https:\/\/lstme.de\/wp-content\/uploads\/2019\/05\/Beitrittserkl\u00e4rung_LSTME_01_02_2018.pdf\" class=\"wp-block-file__button wp-element-button\" download aria-describedby=\"wp-block-file--media-7dc0fdfc-62b9-4949-b51b-1fb77b9271fb\">Herunterladen<\/a><\/div>\n","protected":false},"excerpt":{"rendered":"<p>1. Ziel Der LSTME e.V. und somit die Zweigstelle LSTME Busan hat sich das Ziel gesetzt, die Zusammenarbeit und Kooperation des LSTM Erlangen mit nationalen sowie die internationalen Universit\u00e4ten und Forschungsinstituten sowie mit der privaten und \u00f6ffentlichen Wirtschaft zu f\u00f6rdern. Die umfassenden Erfahrungen des LSTM Erlangen mit deutschen ingenieurwissenschaftlichen Methoden und Verfahren hat s\u00fcdkoreanische Institutionen &hellip; <a href=\"https:\/\/lstme.de\/?page_id=18\" class=\"more-link\"><span class=\"screen-reader-text\">\u201eWir \u00fcber uns\u201c <\/span>weiterlesen<\/a><\/p>\n","protected":false},"author":1,"featured_media":0,"parent":6,"menu_order":0,"comment_status":"closed","ping_status":"closed","template":"","meta":{"footnotes":""},"class_list":["post-18","page","type-page","status-publish","hentry"],"_links":{"self":[{"href":"https:\/\/lstme.de\/index.php?rest_route=\/wp\/v2\/pages\/18","targetHints":{"allow":["GET"]}}],"collection":[{"href":"https:\/\/lstme.de\/index.php?rest_route=\/wp\/v2\/pages"}],"about":[{"href":"https:\/\/lstme.de\/index.php?rest_route=\/wp\/v2\/types\/page"}],"author":[{"embeddable":true,"href":"https:\/\/lstme.de\/index.php?rest_route=\/wp\/v2\/users\/1"}],"replies":[{"embeddable":true,"href":"https:\/\/lstme.de\/index.php?rest_route=%2Fwp%2Fv2%2Fcomments&post=18"}],"version-history":[{"count":37,"href":"https:\/\/lstme.de\/index.php?rest_route=\/wp\/v2\/pages\/18\/revisions"}],"predecessor-version":[{"id":350,"href":"https:\/\/lstme.de\/index.php?rest_route=\/wp\/v2\/pages\/18\/revisions\/350"}],"up":[{"embeddable":true,"href":"https:\/\/lstme.de\/index.php?rest_route=\/wp\/v2\/pages\/6"}],"wp:attachment":[{"href":"https:\/\/lstme.de\/index.php?rest_route=%2Fwp%2Fv2%2Fmedia&parent=18"}],"curies":[{"name":"wp","href":"https:\/\/api.w.org\/{rel}","templated":true}]}}